{"id":56,"date":"2025-12-30T16:43:17","date_gmt":"2025-12-30T19:43:17","guid":{"rendered":"http:\/\/wbaassessoria.com.br\/?page_id=56"},"modified":"2026-01-15T19:36:24","modified_gmt":"2026-01-15T22:36:24","slug":"servicos","status":"publish","type":"page","link":"http:\/\/wbaassessoria.com.br\/?page_id=56","title":{"rendered":"Servi\u00e7os"},"content":{"rendered":"\t\t<div data-elementor-type=\"wp-page\" data-elementor-id=\"56\" class=\"elementor elementor-56\">\n\t\t\t\t<div class=\"elementor-element elementor-element-e427f7a e-flex e-con-boxed e-con e-parent\" data-id=\"e427f7a\" data-element_type=\"container\">\n\t\t\t\t\t<div class=\"e-con-inner\">\n\t\t<div class=\"elementor-element elementor-element-86ac0e1 e-con-full e-flex e-con e-child\" data-id=\"86ac0e1\" data-element_type=\"container\">\n\t\t\t\t<div class=\"elementor-element elementor-element-043f214 elementor-widget elementor-widget-heading\" data-id=\"043f214\" data-element_type=\"widget\" data-widget_type=\"heading.default\">\n\t\t\t\t\t<h2 class=\"elementor-heading-title elementor-size-default\">Assessoria empresarial \n\n\n<\/h2>\t\t\t\t<\/div>\n\t\t\t\t<div class=\"elementor-element elementor-element-8edd45b elementor-widget elementor-widget-text-editor\" data-id=\"8edd45b\" data-element_type=\"widget\" data-widget_type=\"text-editor.default\">\n\t\t\t\t\t\t\t\t\t<p>Cont\u00e1bil | Fiscal | Departamento Pessoal | Financeiro<\/p>\t\t\t\t\t\t\t\t<\/div>\n\t\t\t\t<\/div>\n\t\t<div class=\"elementor-element elementor-element-a64fd98 e-con-full e-flex e-con e-child\" data-id=\"a64fd98\" data-element_type=\"container\">\n\t\t\t\t<div class=\"elementor-element elementor-element-93f0b43 elementor-widget elementor-widget-image\" data-id=\"93f0b43\" data-element_type=\"widget\" data-widget_type=\"image.default\">\n\t\t\t\t\t\t\t\t\t\t\t\t\t\t\t<img fetchpriority=\"high\" decoding=\"async\" width=\"474\" height=\"474\" src=\"http:\/\/wbaassessoria.com.br\/wp-content\/uploads\/2025\/12\/cropped-logo-Wba-1-1.png\" class=\"attachment-large size-large wp-image-31\" alt=\"\" srcset=\"http:\/\/wbaassessoria.com.br\/wp-content\/uploads\/2025\/12\/cropped-logo-Wba-1-1.png 474w, http:\/\/wbaassessoria.com.br\/wp-content\/uploads\/2025\/12\/cropped-logo-Wba-1-1-300x300.png 300w, http:\/\/wbaassessoria.com.br\/wp-content\/uploads\/2025\/12\/cropped-logo-Wba-1-1-150x150.png 150w, http:\/\/wbaassessoria.com.br\/wp-content\/uploads\/2025\/12\/cropped-logo-Wba-1-1-50x50.png 50w\" sizes=\"(max-width: 474px) 100vw, 474px\" \/>\t\t\t\t\t\t\t\t\t\t\t\t\t\t\t<\/div>\n\t\t\t\t<\/div>\n\t\t\t\t\t<\/div>\n\t\t\t\t<\/div>\n\t\t<div class=\"elementor-element elementor-element-95b5860 e-flex e-con-boxed e-con e-parent\" data-id=\"95b5860\" data-element_type=\"container\">\n\t\t\t\t\t<div class=\"e-con-inner\">\n\t\t\t\t<div class=\"elementor-element elementor-element-334beb0 elementor-view-default elementor-position-block-start elementor-mobile-position-block-start elementor-widget elementor-widget-icon-box\" data-id=\"334beb0\" data-element_type=\"widget\" data-widget_type=\"icon-box.default\">\n\t\t\t\t\t\t\t<div class=\"elementor-icon-box-wrapper\">\n\n\t\t\t\t\t\t<div class=\"elementor-icon-box-icon\">\n\t\t\t\t<span  class=\"elementor-icon\">\n\t\t\t\t<svg aria-hidden=\"true\" class=\"e-font-icon-svg e-fab-servicestack\" viewBox=\"0 0 496 512\" xmlns=\"http:\/\/www.w3.org\/2000\/svg\"><path d=\"M88 216c81.7 10.2 273.7 102.3 304 232H0c99.5-8.1 184.5-137 88-232zm32-152c32.3 35.6 47.7 83.9 46.4 133.6C249.3 231.3 373.7 321.3 400 448h96C455.3 231.9 222.8 79.5 120 64z\"><\/path><\/svg>\t\t\t\t<\/span>\n\t\t\t<\/div>\n\t\t\t\n\t\t\t\t\t\t<div class=\"elementor-icon-box-content\">\n\n\t\t\t\t\t\t\t\t\t<h3 class=\"elementor-icon-box-title\">\n\t\t\t\t\t\t<span  >\n\t\t\t\t\t\t\tConhe\u00e7a nossos servi\u00e7os \t\t\t\t\t\t<\/span>\n\t\t\t\t\t<\/h3>\n\t\t\t\t\n\t\t\t\t\t\t\t\t\t<p class=\"elementor-icon-box-description\">\n\t\t\t\t\t\tOferecemos gest\u00e3o cont\u00e1bil completa e consultoria estrat\u00e9gica, cuidando desde a escritura\u00e7\u00e3o e balan\u00e7os at\u00e9 a regulariza\u00e7\u00e3o perante \u00f3rg\u00e3os p\u00fablicos. Nossa assessoria garante conformidade com a Receita Federal e prefeituras, transformando obriga\u00e7\u00f5es burocr\u00e1ticas em suporte decisivo para o empres\u00e1rio. Focamos na sa\u00fade financeira do seu neg\u00f3cio e dos s\u00f3cios, unindo efici\u00eancia t\u00e9cnica e atendimento personalizado.\t\t\t\t\t<\/p>\n\t\t\t\t\n\t\t\t<\/div>\n\t\t\t\n\t\t<\/div>\n\t\t\t\t\t\t<\/div>\n\t\t\t\t\t<\/div>\n\t\t\t\t<\/div>\n\t\t<div class=\"elementor-element elementor-element-3fd8e4f e-flex e-con-boxed e-con e-parent\" data-id=\"3fd8e4f\" data-element_type=\"container\">\n\t\t\t\t\t<div class=\"e-con-inner\">\n\t\t<div class=\"elementor-element elementor-element-95b63aa e-con-full e-flex e-con e-child\" data-id=\"95b63aa\" data-element_type=\"container\">\n\t\t\t\t<div class=\"elementor-element elementor-element-25e016c elementor-view-default elementor-widget elementor-widget-icon\" data-id=\"25e016c\" data-element_type=\"widget\" data-widget_type=\"icon.default\">\n\t\t\t\t\t\t\t<div class=\"elementor-icon-wrapper\">\n\t\t\t<div class=\"elementor-icon\">\n\t\t\t<svg aria-hidden=\"true\" class=\"e-font-icon-svg e-fas-star\" viewBox=\"0 0 576 512\" xmlns=\"http:\/\/www.w3.org\/2000\/svg\"><path d=\"M259.3 17.8L194 150.2 47.9 171.5c-26.2 3.8-36.7 36.1-17.7 54.6l105.7 103-25 145.5c-4.5 26.3 23.2 46 46.4 33.7L288 439.6l130.7 68.7c23.2 12.2 50.9-7.4 46.4-33.7l-25-145.5 105.7-103c19-18.5 8.5-50.8-17.7-54.6L382 150.2 316.7 17.8c-11.7-23.6-45.6-23.9-57.4 0z\"><\/path><\/svg>\t\t\t<\/div>\n\t\t<\/div>\n\t\t\t\t\t\t<\/div>\n\t\t\t\t<div class=\"elementor-element elementor-element-8733969 elementor-widget elementor-widget-heading\" data-id=\"8733969\" data-element_type=\"widget\" data-widget_type=\"heading.default\">\n\t\t\t\t\t<h2 class=\"elementor-heading-title elementor-size-default\">Gest\u00e3o cont\u00e1bil \n\n<\/h2>\t\t\t\t<\/div>\n\t\t\t\t<div class=\"elementor-element elementor-element-2dc1594 elementor-widget elementor-widget-text-editor\" data-id=\"2dc1594\" data-element_type=\"widget\" data-widget_type=\"text-editor.default\">\n\t\t\t\t\t\t\t\t\t<p dir=\"ltr\">Nosso escrit\u00f3rio promove apoio em diversas atividades, al\u00e9m de atender \u00e0s necessidades espec\u00edficas das empresas, com a presta\u00e7\u00e3o de servi\u00e7os perante a Junta Comercial do Estado de S\u00e3o Paulo, Receita Federal do Brasil, Secretaria da Fazenda, Prefeituras do Estado de S\u00e3o Paulo, Cart\u00f3rios Distribuidores e demais reparti\u00e7\u00f5es p\u00fablicas.<\/p>\t\t\t\t\t\t\t\t<\/div>\n\t\t\t\t<\/div>\n\t\t\t\t\t<\/div>\n\t\t\t\t<\/div>\n\t\t<div class=\"elementor-element elementor-element-091f8f8 e-flex e-con-boxed e-con e-parent\" data-id=\"091f8f8\" data-element_type=\"container\">\n\t\t\t\t\t<div class=\"e-con-inner\">\n\t\t\t\t<div class=\"elementor-element elementor-element-ac5209f elementor-view-default elementor-widget elementor-widget-icon\" data-id=\"ac5209f\" data-element_type=\"widget\" data-widget_type=\"icon.default\">\n\t\t\t\t\t\t\t<div class=\"elementor-icon-wrapper\">\n\t\t\t<div class=\"elementor-icon\">\n\t\t\t<svg aria-hidden=\"true\" class=\"e-font-icon-svg e-far-money-bill-alt\" viewBox=\"0 0 640 512\" xmlns=\"http:\/\/www.w3.org\/2000\/svg\"><path d=\"M320 144c-53.02 0-96 50.14-96 112 0 61.85 42.98 112 96 112 53 0 96-50.13 96-112 0-61.86-42.98-112-96-112zm40 168c0 4.42-3.58 8-8 8h-64c-4.42 0-8-3.58-8-8v-16c0-4.42 3.58-8 8-8h16v-55.44l-.47.31a7.992 7.992 0 0 1-11.09-2.22l-8.88-13.31a7.992 7.992 0 0 1 2.22-11.09l15.33-10.22a23.99 23.99 0 0 1 13.31-4.03H328c4.42 0 8 3.58 8 8v88h16c4.42 0 8 3.58 8 8v16zM608 64H32C14.33 64 0 78.33 0 96v320c0 17.67 14.33 32 32 32h576c17.67 0 32-14.33 32-32V96c0-17.67-14.33-32-32-32zm-16 272c-35.35 0-64 28.65-64 64H112c0-35.35-28.65-64-64-64V176c35.35 0 64-28.65 64-64h416c0 35.35 28.65 64 64 64v160z\"><\/path><\/svg>\t\t\t<\/div>\n\t\t<\/div>\n\t\t\t\t\t\t<\/div>\n\t\t\t\t<div class=\"elementor-element elementor-element-c2bdaea elementor-widget elementor-widget-heading\" data-id=\"c2bdaea\" data-element_type=\"widget\" data-widget_type=\"heading.default\">\n\t\t\t\t\t<h2 class=\"elementor-heading-title elementor-size-default\">Gest\u00e3o financeira\n<\/h2>\t\t\t\t<\/div>\n\t\t\t\t<div class=\"elementor-element elementor-element-150fb4d elementor-widget elementor-widget-text-editor\" data-id=\"150fb4d\" data-element_type=\"widget\" data-widget_type=\"text-editor.default\">\n\t\t\t\t\t\t\t\t\t<p dir=\"ltr\">Principais caracter\u00edsticas:<\/p><ul><li dir=\"ltr\" aria-level=\"1\"><p dir=\"ltr\" role=\"presentation\">Controle de fluxo de caixa direto e indireto<\/p><\/li><li dir=\"ltr\" aria-level=\"1\"><p dir=\"ltr\" role=\"presentation\">Contas \u00e0 pagar<\/p><\/li><li dir=\"ltr\" aria-level=\"1\"><p dir=\"ltr\" role=\"presentation\">Contas \u00e0 receber<\/p><\/li><li dir=\"ltr\" aria-level=\"1\"><p dir=\"ltr\" role=\"presentation\">Relat\u00f3rios gerenciais or\u00e7ado x realizado<\/p><\/li><li dir=\"ltr\" aria-level=\"1\"><p dir=\"ltr\" role=\"presentation\">Relat\u00f3rios gerenciais, demonstra\u00e7\u00e3o de resultados financeiros e econ\u00f4micos<\/p><\/li><li dir=\"ltr\" aria-level=\"1\"><p dir=\"ltr\" role=\"presentation\">Opera\u00e7\u00f5es de desconto de duplicatas em banco e Factoring<\/p><\/li><\/ul>\t\t\t\t\t\t\t\t<\/div>\n\t\t\t\t\t<\/div>\n\t\t\t\t<\/div>\n\t\t<div class=\"elementor-element elementor-element-9f19d9f e-flex e-con-boxed e-con e-parent\" data-id=\"9f19d9f\" data-element_type=\"container\">\n\t\t\t\t\t<div class=\"e-con-inner\">\n\t\t\t\t<div class=\"elementor-element elementor-element-cd63d7a elementor-view-default elementor-widget elementor-widget-icon\" data-id=\"cd63d7a\" data-element_type=\"widget\" data-widget_type=\"icon.default\">\n\t\t\t\t\t\t\t<div class=\"elementor-icon-wrapper\">\n\t\t\t<div class=\"elementor-icon\">\n\t\t\t<svg aria-hidden=\"true\" class=\"e-font-icon-svg e-fas-money-check-alt\" viewBox=\"0 0 640 512\" xmlns=\"http:\/\/www.w3.org\/2000\/svg\"><path d=\"M608 32H32C14.33 32 0 46.33 0 64v384c0 17.67 14.33 32 32 32h576c17.67 0 32-14.33 32-32V64c0-17.67-14.33-32-32-32zM176 327.88V344c0 4.42-3.58 8-8 8h-16c-4.42 0-8-3.58-8-8v-16.29c-11.29-.58-22.27-4.52-31.37-11.35-3.9-2.93-4.1-8.77-.57-12.14l11.75-11.21c2.77-2.64 6.89-2.76 10.13-.73 3.87 2.42 8.26 3.72 12.82 3.72h28.11c6.5 0 11.8-5.92 11.8-13.19 0-5.95-3.61-11.19-8.77-12.73l-45-13.5c-18.59-5.58-31.58-23.42-31.58-43.39 0-24.52 19.05-44.44 42.67-45.07V152c0-4.42 3.58-8 8-8h16c4.42 0 8 3.58 8 8v16.29c11.29.58 22.27 4.51 31.37 11.35 3.9 2.93 4.1 8.77.57 12.14l-11.75 11.21c-2.77 2.64-6.89 2.76-10.13.73-3.87-2.43-8.26-3.72-12.82-3.72h-28.11c-6.5 0-11.8 5.92-11.8 13.19 0 5.95 3.61 11.19 8.77 12.73l45 13.5c18.59 5.58 31.58 23.42 31.58 43.39 0 24.53-19.05 44.44-42.67 45.07zM416 312c0 4.42-3.58 8-8 8H296c-4.42 0-8-3.58-8-8v-16c0-4.42 3.58-8 8-8h112c4.42 0 8 3.58 8 8v16zm160 0c0 4.42-3.58 8-8 8h-80c-4.42 0-8-3.58-8-8v-16c0-4.42 3.58-8 8-8h80c4.42 0 8 3.58 8 8v16zm0-96c0 4.42-3.58 8-8 8H296c-4.42 0-8-3.58-8-8v-16c0-4.42 3.58-8 8-8h272c4.42 0 8 3.58 8 8v16z\"><\/path><\/svg>\t\t\t<\/div>\n\t\t<\/div>\n\t\t\t\t\t\t<\/div>\n\t\t\t\t<div class=\"elementor-element elementor-element-01fbe72 elementor-widget elementor-widget-heading\" data-id=\"01fbe72\" data-element_type=\"widget\" data-widget_type=\"heading.default\">\n\t\t\t\t\t<h2 class=\"elementor-heading-title elementor-size-default\">Gest\u00e3o fiscal<\/h2>\t\t\t\t<\/div>\n\t\t\t\t<div class=\"elementor-element elementor-element-4fccad6 elementor-widget elementor-widget-text-editor\" data-id=\"4fccad6\" data-element_type=\"widget\" data-widget_type=\"text-editor.default\">\n\t\t\t\t\t\t\t\t\t<p dir=\"ltr\">O departamento fiscal \u00e9 visto pela nossa empresa como uma das principais de nossos clientes. Com os trabalhos de obriga\u00e7\u00f5es acess\u00f3rias e principais com o fisco Estadual, Municipal e Federal, evitando conting\u00eancia fiscal e tribut\u00e1ria aos nossos clientes. A WBA Assessoria possui capacidade de orientar seus clientes em rela\u00e7\u00e3o \u00e0s legisla\u00e7\u00f5es tanto no \u00e2mbito Federal, Estadual e Municipal.<\/p>\t\t\t\t\t\t\t\t<\/div>\n\t\t\t\t\t<\/div>\n\t\t\t\t<\/div>\n\t\t<div class=\"elementor-element elementor-element-3adb5db e-flex e-con-boxed e-con e-parent\" data-id=\"3adb5db\" data-element_type=\"container\">\n\t\t\t\t\t<div class=\"e-con-inner\">\n\t\t\t\t<div class=\"elementor-element elementor-element-a7aaaab elementor-view-default elementor-widget elementor-widget-icon\" data-id=\"a7aaaab\" data-element_type=\"widget\" data-widget_type=\"icon.default\">\n\t\t\t\t\t\t\t<div class=\"elementor-icon-wrapper\">\n\t\t\t<div class=\"elementor-icon\">\n\t\t\t<svg aria-hidden=\"true\" class=\"e-font-icon-svg e-fab-creative-commons-by\" viewBox=\"0 0 496 512\" xmlns=\"http:\/\/www.w3.org\/2000\/svg\"><path d=\"M314.9 194.4v101.4h-28.3v120.5h-77.1V295.9h-28.3V194.4c0-4.4 1.6-8.2 4.6-11.3 3.1-3.1 6.9-4.7 11.3-4.7H299c4.1 0 7.8 1.6 11.1 4.7 3.1 3.2 4.8 6.9 4.8 11.3zm-101.5-63.7c0-23.3 11.5-35 34.5-35s34.5 11.7 34.5 35c0 23-11.5 34.5-34.5 34.5s-34.5-11.5-34.5-34.5zM247.6 8C389.4 8 496 118.1 496 256c0 147.1-118.5 248-248.4 248C113.6 504 0 394.5 0 256 0 123.1 104.7 8 247.6 8zm.8 44.7C130.2 52.7 44.7 150.6 44.7 256c0 109.8 91.2 202.8 203.7 202.8 103.2 0 202.8-81.1 202.8-202.8.1-113.8-90.2-203.3-202.8-203.3z\"><\/path><\/svg>\t\t\t<\/div>\n\t\t<\/div>\n\t\t\t\t\t\t<\/div>\n\t\t\t\t<div class=\"elementor-element elementor-element-4d7ccaf elementor-widget elementor-widget-heading\" data-id=\"4d7ccaf\" data-element_type=\"widget\" data-widget_type=\"heading.default\">\n\t\t\t\t\t<h2 class=\"elementor-heading-title elementor-size-default\">Gest\u00e3o pessoal\n<\/h2>\t\t\t\t<\/div>\n\t\t\t\t<div class=\"elementor-element elementor-element-ad455e7 elementor-widget elementor-widget-text-editor\" data-id=\"ad455e7\" data-element_type=\"widget\" data-widget_type=\"text-editor.default\">\n\t\t\t\t\t\t\t\t\t<p dir=\"ltr\">Nosso escrit\u00f3rio visa a integridade de nossos clientes, por isso tratamos o Departamento Pessoal com m\u00e1ximo de aten\u00e7\u00e3o, pois envolvem terceiros da empresa, assim temos uma equipe de alta qualifica\u00e7\u00e3o, onde voc\u00ea ter\u00e1 um atendimento personalizado. Estamos aptos a atender sua empresa com todas as informa\u00e7\u00f5es informatizadas.<\/p>\t\t\t\t\t\t\t\t<\/div>\n\t\t\t\t\t<\/div>\n\t\t\t\t<\/div>\n\t\t<div class=\"elementor-element elementor-element-a8f9eb0 e-flex e-con-boxed e-con e-parent\" data-id=\"a8f9eb0\" data-element_type=\"container\">\n\t\t\t\t\t<div class=\"e-con-inner\">\n\t\t\t\t<div class=\"elementor-element elementor-element-aa47104 elementor-align-center elementor-widget elementor-widget-button\" data-id=\"aa47104\" data-element_type=\"widget\" data-widget_type=\"button.default\">\n\t\t\t\t\t\t\t\t\t\t<a class=\"elementor-button elementor-button-link elementor-size-sm\" href=\"https:\/\/wa.me\/5511971524164\">\n\t\t\t\t\t\t<span class=\"elementor-button-content-wrapper\">\n\t\t\t\t\t\t\t\t\t<span class=\"elementor-button-text\">Entre em contato!<\/span>\n\t\t\t\t\t<\/span>\n\t\t\t\t\t<\/a>\n\t\t\t\t\t\t\t\t<\/div>\n\t\t\t\t\t<\/div>\n\t\t\t\t<\/div>\n\t\t\t\t<\/div>\n\t\t","protected":false},"excerpt":{"rendered":"<p>Assessoria empresarial Cont\u00e1bil | Fiscal | Departamento Pessoal | Financeiro Conhe\u00e7a nossos servi\u00e7os Oferecemos gest\u00e3o cont\u00e1bil completa e consultoria estrat\u00e9gica, cuidando desde a escritura\u00e7\u00e3o e balan\u00e7os at\u00e9 a regulariza\u00e7\u00e3o perante \u00f3rg\u00e3os p\u00fablicos. Nossa assessoria garante conformidade com a Receita Federal e prefeituras, transformando obriga\u00e7\u00f5es burocr\u00e1ticas em suporte decisivo para o empres\u00e1rio. Focamos na sa\u00fade financeira [&hellip;]<\/p>\n","protected":false},"author":2,"featured_media":0,"parent":0,"menu_order":0,"comment_status":"closed","ping_status":"closed","template":"elementor_header_footer","meta":{"footnotes":""},"class_list":["post-56","page","type-page","status-publish","hentry"],"_links":{"self":[{"href":"http:\/\/wbaassessoria.com.br\/index.php?rest_route=\/wp\/v2\/pages\/56","targetHints":{"allow":["GET"]}}],"collection":[{"href":"http:\/\/wbaassessoria.com.br\/index.php?rest_route=\/wp\/v2\/pages"}],"about":[{"href":"http:\/\/wbaassessoria.com.br\/index.php?rest_route=\/wp\/v2\/types\/page"}],"author":[{"embeddable":true,"href":"http:\/\/wbaassessoria.com.br\/index.php?rest_route=\/wp\/v2\/users\/2"}],"replies":[{"embeddable":true,"href":"http:\/\/wbaassessoria.com.br\/index.php?rest_route=%2Fwp%2Fv2%2Fcomments&post=56"}],"version-history":[{"count":31,"href":"http:\/\/wbaassessoria.com.br\/index.php?rest_route=\/wp\/v2\/pages\/56\/revisions"}],"predecessor-version":[{"id":174,"href":"http:\/\/wbaassessoria.com.br\/index.php?rest_route=\/wp\/v2\/pages\/56\/revisions\/174"}],"wp:attachment":[{"href":"http:\/\/wbaassessoria.com.br\/index.php?rest_route=%2Fwp%2Fv2%2Fmedia&parent=56"}],"curies":[{"name":"wp","href":"https:\/\/api.w.org\/{rel}","templated":true}]}}